{"id":2575,"date":"2018-06-12T20:20:53","date_gmt":"2018-06-13T03:20:53","guid":{"rendered":"https:\/\/membermouse.com\/?page_id=2575"},"modified":"2020-06-22T13:07:48","modified_gmt":"2020-06-22T20:07:48","slug":"jumpstart-gracias","status":"publish","type":"page","link":"https:\/\/membermouse.com\/es\/jumpstart-gracias\/","title":{"rendered":"Membership Jumpstart thank you"},"content":{"rendered":"<div class=\"site-wrap\">\r\n\r\n<div id=\"primary\" class=\"content-area\">\r\n<main id=\"main\" class=\"site-main\" role=\"main\">\r\n\r\n<div class=\"page-section bg-blue\">\r\n<div class=\"container\">\r\n<span class=\"icon-jumbo icon-centered color-white\" style=\"margin-top:40px\"><i class=\"budicon-email-forward\"><\/i><\/span>\r\n<h4 class=\"centered bold color-white\"> Thank you for signing up! <\/h4>\r\n<h5 class=\"centered bold color-blue-light\">Your free six-part video training is on its way over to your email inbox as we speak. \r\nIt should be getting there right... about... now!<\/h5>\r\n\r\n<\/div>\r\n<\/div><\/div><\/div>","protected":false},"excerpt":{"rendered":"<p>Gracias por inscribirte. Tu formaci\u00f3n gratuita en v\u00eddeo de seis partes est\u00e1 de camino a tu bandeja de entrada de correo electr\u00f3nico mientras hablamos. Deber\u00eda estar llegando... \u00a1ahora mismo!<\/p>","protected":false},"author":9645,"featured_media":0,"parent":0,"menu_order":0,"comment_status":"closed","ping_status":"closed","template":"page-open-html.php","meta":{"_acf_changed":false,"om_disable_all_campaigns":false,"_strive_editorial_status":"not-started","_strive_copy_of":0,"_monsterinsights_skip_tracking":false,"_monsterinsights_sitenote_active":false,"_monsterinsights_sitenote_note":"","_monsterinsights_sitenote_category":0,"footnotes":""},"class_list":["post-2575","page","type-page","status-publish","hentry"],"acf":[],"aioseo_notices":[],"_links":{"self":[{"href":"https:\/\/membermouse.com\/es\/wp-json\/wp\/v2\/pages\/2575","targetHints":{"allow":["GET"]}}],"collection":[{"href":"https:\/\/membermouse.com\/es\/wp-json\/wp\/v2\/pages"}],"about":[{"href":"https:\/\/membermouse.com\/es\/wp-json\/wp\/v2\/types\/page"}],"author":[{"embeddable":true,"href":"https:\/\/membermouse.com\/es\/wp-json\/wp\/v2\/users\/9645"}],"replies":[{"embeddable":true,"href":"https:\/\/membermouse.com\/es\/wp-json\/wp\/v2\/comments?post=2575"}],"version-history":[{"count":0,"href":"https:\/\/membermouse.com\/es\/wp-json\/wp\/v2\/pages\/2575\/revisions"}],"wp:attachment":[{"href":"https:\/\/membermouse.com\/es\/wp-json\/wp\/v2\/media?parent=2575"}],"curies":[{"name":"wp","href":"https:\/\/api.w.org\/{rel}","templated":true}]}}