{"id":920,"date":"2013-12-22T12:00:43","date_gmt":"2013-12-22T20:00:43","guid":{"rendered":"https:\/\/membermouse.com\/?page_id=920"},"modified":"2023-02-20T14:18:51","modified_gmt":"2023-02-20T22:18:51","slug":"programa-de-afiliados","status":"publish","type":"page","link":"https:\/\/membermouse.com\/es\/salpicadero\/programa-de-afiliados\/","title":{"rendered":"Affiliate Program"},"content":{"rendered":"<h1>Earn 25% Commissions<\/h1>\r\n\r\n<p>You know MemberMouse is the leading membership solution for WordPress. And we know that personal referrals are the best way to generate new business. So we've put together a generous referral program to help get the word out. We've created some terrific banner ads and text links so you can get started right away.<\/p>\r\n\r\n<p>When you send a customer to MemberMouse, you'll be paid 25% on the first purchase of any plan. Payments are handled through PayPal and are paid monthly.<\/p>\r\n","protected":false},"excerpt":{"rendered":"<p>Gane 25% Comisiones Usted sabe que MemberMouse es la soluci\u00f3n l\u00edder de membres\u00eda para WordPress. Y sabemos que las referencias personales son la mejor manera de generar nuevos negocios. As\u00ed que hemos puesto...<\/p>","protected":false},"author":10510,"featured_media":0,"parent":912,"menu_order":0,"comment_status":"closed","ping_status":"open","template":"page-dashboard-affiliate-program.php","meta":{"_acf_changed":false,"om_disable_all_campaigns":false,"_strive_editorial_status":"not-started","_strive_copy_of":0,"_monsterinsights_skip_tracking":false,"_monsterinsights_sitenote_active":false,"_monsterinsights_sitenote_note":"","_monsterinsights_sitenote_category":0,"footnotes":""},"class_list":["post-920","page","type-page","status-publish","hentry"],"acf":[],"aioseo_notices":[],"_links":{"self":[{"href":"https:\/\/membermouse.com\/es\/wp-json\/wp\/v2\/pages\/920","targetHints":{"allow":["GET"]}}],"collection":[{"href":"https:\/\/membermouse.com\/es\/wp-json\/wp\/v2\/pages"}],"about":[{"href":"https:\/\/membermouse.com\/es\/wp-json\/wp\/v2\/types\/page"}],"author":[{"embeddable":true,"href":"https:\/\/membermouse.com\/es\/wp-json\/wp\/v2\/users\/10510"}],"replies":[{"embeddable":true,"href":"https:\/\/membermouse.com\/es\/wp-json\/wp\/v2\/comments?post=920"}],"version-history":[{"count":0,"href":"https:\/\/membermouse.com\/es\/wp-json\/wp\/v2\/pages\/920\/revisions"}],"up":[{"embeddable":true,"href":"https:\/\/membermouse.com\/es\/wp-json\/wp\/v2\/pages\/912"}],"wp:attachment":[{"href":"https:\/\/membermouse.com\/es\/wp-json\/wp\/v2\/media?parent=920"}],"curies":[{"name":"wp","href":"https:\/\/api.w.org\/{rel}","templated":true}]}}