{"id":2034,"date":"2018-04-09T08:26:21","date_gmt":"2018-04-09T15:26:21","guid":{"rendered":"https:\/\/membermouse.com\/?page_id=2034"},"modified":"2024-01-17T12:28:57","modified_gmt":"2024-01-17T17:28:57","slug":"boite-a-idees","status":"publish","type":"page","link":"https:\/\/membermouse.com\/fr\/boite-a-idees\/","title":{"rendered":"Suggestion Box"},"content":{"rendered":"<!-- wp:group {\"layout\":{\"type\":\"constrained\"}} -->\n<div class=\"wp-block-group\"><!-- wp:group {\"layout\":{\"type\":\"constrained\"}} -->\n<div class=\"wp-block-group\"><!-- wp:image {\"align\":\"center\"} -->\n<figure class=\"wp-block-image aligncenter\"><img src=\"https:\/\/images.typeform.com\/images\/9xrnT9Tk8ZpG\/image\/default\" alt=\"\"\/><\/figure>\n<!-- \/wp:image -->\n\n<!-- wp:heading {\"textAlign\":\"center\",\"fontSize\":\"large\"} -->\n<h2 class=\"wp-block-heading has-text-align-center has-large-font-size\"><strong>The MemberMouse Suggestion Box<\/strong><\/h2>\n<!-- \/wp:heading -->\n\n<!-- wp:paragraph {\"align\":\"center\"} -->\n<p class=\"has-text-align-center\">Use this form to share your product ideas and feedback.<br>Details in the description are great: the problem you're trying to solve<br>or a solution you'd recommend... Every detail helps!<br><br>If you need to contact our Customer Success Team about an issue you are experiencing,<br>please visit our support site and use this form instead:<br><a href=\"https:\/\/membermouse.com\/resource\/submit-a-new-support-ticket\/\" rel=\"noreferrer noopener\" target=\"_blank\">https:\/\/membermouse.com\/resource\/submit-a-new-support-ticket\/<\/a><\/p>\n<!-- \/wp:paragraph --><\/div>\n<!-- \/wp:group --><\/div>\n<!-- \/wp:group -->\n\n<!-- wp:spacer {\"height\":\"20px\"} -->\n<div style=\"height:20px\" aria-hidden=\"true\" class=\"wp-block-spacer\"><\/div>\n<!-- \/wp:spacer -->\n\n<!-- wp:wpforms\/form-selector {\"clientId\":\"033d20fb-9bb0-4575-9872-abf42c0dcc6c\",\"formId\":\"17324\",\"displayDesc\":true,\"fieldSize\":\"large\",\"buttonSize\":\"large\",\"buttonBorderRadius\":\"9999px\",\"buttonBackgroundColor\":\"#0693e3\",\"copyPasteJsonValue\":\"{\\u0022displayTitle\\u0022:false,\\u0022displayDesc\\u0022:true,\\u0022fieldSize\\u0022:\\u0022large\\u0022,\\u0022fieldBorderRadius\\u0022:\\u00223px\\u0022,\\u0022fieldBackgroundColor\\u0022:\\u0022#ffffff\\u0022,\\u0022fieldBorderColor\\u0022:\\u0022rgba( 0, 0, 0, 0.25 )\\u0022,\\u0022fieldTextColor\\u0022:\\u0022rgba( 0, 0, 0, 0.7 )\\u0022,\\u0022labelSize\\u0022:\\u0022medium\\u0022,\\u0022labelColor\\u0022:\\u0022rgba( 0, 0, 0, 0.85 )\\u0022,\\u0022labelSublabelColor\\u0022:\\u0022rgba( 0, 0, 0, 0.55 )\\u0022,\\u0022labelErrorColor\\u0022:\\u0022#d63637\\u0022,\\u0022buttonSize\\u0022:\\u0022large\\u0022,\\u0022buttonBorderRadius\\u0022:\\u00229999px\\u0022,\\u0022buttonBackgroundColor\\u0022:\\u0022#0693e3\\u0022,\\u0022buttonTextColor\\u0022:\\u0022#ffffff\\u0022}\",\"className\":\"feature-request-form\"} \/-->\n\n<!-- wp:spacer {\"height\":\"50px\"} -->\n<div style=\"height:50px\" aria-hidden=\"true\" class=\"wp-block-spacer\"><\/div>\n<!-- \/wp:spacer -->","protected":false},"excerpt":{"rendered":"<p>La bo\u00eete \u00e0 id\u00e9es de MemberMouse Utilisez ce formulaire pour nous faire part de vos id\u00e9es de produits et de vos commentaires. Les d\u00e9tails dans la description sont tr\u00e8s utiles : le probl\u00e8me que vous essayez de r\u00e9soudre ou une solution que vous recommanderiez... Tous...<\/p>","protected":false},"author":9645,"featured_media":0,"parent":0,"menu_order":0,"comment_status":"closed","ping_status":"closed","template":"page-full-width.php","meta":{"_acf_changed":false,"om_disable_all_campaigns":false,"_strive_editorial_status":"not-started","_strive_copy_of":0,"_monsterinsights_skip_tracking":false,"_monsterinsights_sitenote_active":false,"_monsterinsights_sitenote_note":"","_monsterinsights_sitenote_category":0,"footnotes":""},"class_list":["post-2034","page","type-page","status-publish","hentry"],"acf":[],"aioseo_notices":[],"_links":{"self":[{"href":"https:\/\/membermouse.com\/fr\/wp-json\/wp\/v2\/pages\/2034","targetHints":{"allow":["GET"]}}],"collection":[{"href":"https:\/\/membermouse.com\/fr\/wp-json\/wp\/v2\/pages"}],"about":[{"href":"https:\/\/membermouse.com\/fr\/wp-json\/wp\/v2\/types\/page"}],"author":[{"embeddable":true,"href":"https:\/\/membermouse.com\/fr\/wp-json\/wp\/v2\/users\/9645"}],"replies":[{"embeddable":true,"href":"https:\/\/membermouse.com\/fr\/wp-json\/wp\/v2\/comments?post=2034"}],"version-history":[{"count":1,"href":"https:\/\/membermouse.com\/fr\/wp-json\/wp\/v2\/pages\/2034\/revisions"}],"predecessor-version":[{"id":20514,"href":"https:\/\/membermouse.com\/fr\/wp-json\/wp\/v2\/pages\/2034\/revisions\/20514"}],"wp:attachment":[{"href":"https:\/\/membermouse.com\/fr\/wp-json\/wp\/v2\/media?parent=2034"}],"curies":[{"name":"wp","href":"https:\/\/api.w.org\/{rel}","templated":true}]}}