{"id":4191,"date":"2018-08-06T11:56:46","date_gmt":"2018-08-06T18:56:46","guid":{"rendered":"https:\/\/membermouse.com\/?page_id=4191"},"modified":"2023-05-18T09:36:52","modified_gmt":"2023-05-18T16:36:52","slug":"carrieres","status":"publish","type":"page","link":"https:\/\/membermouse.com\/fr\/carrieres\/","title":{"rendered":"Careers"},"content":{"rendered":"MemberMouse is always on the lookout for talent. If you think you'd be a good fit for one of our open positions below, or our company in general, please apply through the links below!","protected":false},"excerpt":{"rendered":"<p>MemberMouse est toujours \u00e0 la recherche de talents. Si vous pensez correspondre \u00e0 l'un des postes vacants ci-dessous, ou \u00e0 notre entreprise en g\u00e9n\u00e9ral, n'h\u00e9sitez pas \u00e0 postuler...<\/p>","protected":false},"author":9645,"featured_media":0,"parent":0,"menu_order":0,"comment_status":"closed","ping_status":"closed","template":"page-careers.php","meta":{"_acf_changed":false,"om_disable_all_campaigns":false,"_strive_editorial_status":"not-started","_strive_copy_of":0,"_monsterinsights_skip_tracking":false,"_monsterinsights_sitenote_active":false,"_monsterinsights_sitenote_note":"","_monsterinsights_sitenote_category":0,"footnotes":""},"class_list":["post-4191","page","type-page","status-publish","hentry"],"acf":[],"aioseo_notices":[],"_links":{"self":[{"href":"https:\/\/membermouse.com\/fr\/wp-json\/wp\/v2\/pages\/4191","targetHints":{"allow":["GET"]}}],"collection":[{"href":"https:\/\/membermouse.com\/fr\/wp-json\/wp\/v2\/pages"}],"about":[{"href":"https:\/\/membermouse.com\/fr\/wp-json\/wp\/v2\/types\/page"}],"author":[{"embeddable":true,"href":"https:\/\/membermouse.com\/fr\/wp-json\/wp\/v2\/users\/9645"}],"replies":[{"embeddable":true,"href":"https:\/\/membermouse.com\/fr\/wp-json\/wp\/v2\/comments?post=4191"}],"version-history":[{"count":0,"href":"https:\/\/membermouse.com\/fr\/wp-json\/wp\/v2\/pages\/4191\/revisions"}],"wp:attachment":[{"href":"https:\/\/membermouse.com\/fr\/wp-json\/wp\/v2\/media?parent=4191"}],"curies":[{"name":"wp","href":"https:\/\/api.w.org\/{rel}","templated":true}]}}