{"id":6602,"date":"2020-04-03T16:41:05","date_gmt":"2020-04-03T20:41:05","guid":{"rendered":""},"modified":"-0001-11-30T00:00:00","modified_gmt":"-0001-11-30T04:00:00","slug":"confirmation-1","status":"publish","type":"page","link":"https:\/\/membermouse.com\/fr\/confirmation-1\/","title":{"rendered":"Thank You"},"content":{"rendered":"\n<h3>Thank you for your order, !<\/h3>\n\n<p>\n<strong>Your login credentials are:<\/strong><br\/>\nUsername: <br\/>\nPassword: <em>Hidden for security purposes<\/em>\n<\/p>\n\n\n\n<p>\n<strong>Here are your order details:<\/strong><br\/>\nName:  <br\/>\nEmail: \n<\/p>\n\n\n\n\n\n<p>If you have any questions concerning your order, feel free to contact us at <a href=\"mailto:support@membermouse.com\">support@membermouse.com<\/a>.<\/p>","protected":false},"excerpt":{"rendered":"<p>Merci pour votre commande ! Vos identifiants de connexion sont les suivants : Nom d'utilisateur : Mot de passe : Cach\u00e9 pour des raisons de s\u00e9curit\u00e9 Voici les d\u00e9tails de votre commande : Nom : Courriel : Si vous avez des questions concernant votre...<\/p>","protected":false},"author":20918,"featured_media":0,"parent":0,"menu_order":0,"comment_status":"open","ping_status":"open","template":"","meta":{"_acf_changed":false,"om_disable_all_campaigns":false,"_strive_editorial_status":"not-started","_strive_copy_of":0,"_monsterinsights_skip_tracking":false,"_monsterinsights_sitenote_active":false,"_monsterinsights_sitenote_note":"","_monsterinsights_sitenote_category":0,"footnotes":""},"class_list":["post-6602","page","type-page","status-publish","hentry"],"acf":[],"aioseo_notices":[],"_links":{"self":[{"href":"https:\/\/membermouse.com\/fr\/wp-json\/wp\/v2\/pages\/6602","targetHints":{"allow":["GET"]}}],"collection":[{"href":"https:\/\/membermouse.com\/fr\/wp-json\/wp\/v2\/pages"}],"about":[{"href":"https:\/\/membermouse.com\/fr\/wp-json\/wp\/v2\/types\/page"}],"author":[{"embeddable":true,"href":"https:\/\/membermouse.com\/fr\/wp-json\/wp\/v2\/users\/20918"}],"replies":[{"embeddable":true,"href":"https:\/\/membermouse.com\/fr\/wp-json\/wp\/v2\/comments?post=6602"}],"version-history":[{"count":0,"href":"https:\/\/membermouse.com\/fr\/wp-json\/wp\/v2\/pages\/6602\/revisions"}],"wp:attachment":[{"href":"https:\/\/membermouse.com\/fr\/wp-json\/wp\/v2\/media?parent=6602"}],"curies":[{"name":"wp","href":"https:\/\/api.w.org\/{rel}","templated":true}]}}