{"id":9311,"date":"2021-02-08T05:57:23","date_gmt":"2021-02-08T13:57:23","guid":{"rendered":"https:\/\/membermouse.com\/?page_id=9311"},"modified":"2021-02-08T05:59:21","modified_gmt":"2021-02-08T13:59:21","slug":"mise-a-jour-du-podcast-confirmee","status":"publish","type":"page","link":"https:\/\/membermouse.com\/fr\/mise-a-jour-du-podcast-confirmee\/","title":{"rendered":"Subscription Entrepreneur updates confirmed"},"content":{"rendered":"You'll receive an excerpt from one of our recent episodes shortly.<\/br>\r\n\r\n<a href=\"https:\/\/membermouse.com\/subscription-entrepreneur\">Return to Subscription Entrepreneur<\/a>","protected":false},"excerpt":{"rendered":"<p>Vous recevrez bient\u00f4t un extrait de l'un de nos r\u00e9cents \u00e9pisodes. Retour \u00e0 l'abonnement Entrepreneur<\/p>","protected":false},"author":9645,"featured_media":0,"parent":0,"menu_order":0,"comment_status":"closed","ping_status":"closed","template":"","meta":{"_acf_changed":false,"om_disable_all_campaigns":false,"_strive_editorial_status":"not-started","_strive_copy_of":0,"_monsterinsights_skip_tracking":false,"_monsterinsights_sitenote_active":false,"_monsterinsights_sitenote_note":"","_monsterinsights_sitenote_category":0,"footnotes":""},"class_list":["post-9311","page","type-page","status-publish","hentry"],"acf":[],"aioseo_notices":[],"_links":{"self":[{"href":"https:\/\/membermouse.com\/fr\/wp-json\/wp\/v2\/pages\/9311","targetHints":{"allow":["GET"]}}],"collection":[{"href":"https:\/\/membermouse.com\/fr\/wp-json\/wp\/v2\/pages"}],"about":[{"href":"https:\/\/membermouse.com\/fr\/wp-json\/wp\/v2\/types\/page"}],"author":[{"embeddable":true,"href":"https:\/\/membermouse.com\/fr\/wp-json\/wp\/v2\/users\/9645"}],"replies":[{"embeddable":true,"href":"https:\/\/membermouse.com\/fr\/wp-json\/wp\/v2\/comments?post=9311"}],"version-history":[{"count":0,"href":"https:\/\/membermouse.com\/fr\/wp-json\/wp\/v2\/pages\/9311\/revisions"}],"wp:attachment":[{"href":"https:\/\/membermouse.com\/fr\/wp-json\/wp\/v2\/media?parent=9311"}],"curies":[{"name":"wp","href":"https:\/\/api.w.org\/{rel}","templated":true}]}}