{"id":3848,"date":"2018-07-29T00:11:24","date_gmt":"2018-07-29T07:11:24","guid":{"rendered":"https:\/\/membermouse.com\/?page_id=3848"},"modified":"2021-02-08T06:00:01","modified_gmt":"2021-02-08T14:00:01","slug":"atualizacoes-do-blog-confirmadas","status":"publish","type":"page","link":"https:\/\/membermouse.com\/pt\/atualizacoes-do-blog-confirmadas\/","title":{"rendered":"Blog Updates Confirmed"},"content":{"rendered":"You'll receive an excerpt from a recent blog post shortly.<\/br>\r\n\r\n<a href=\"https:\/\/membermouse.com\/blog\">Return to the MemberMouse Blog<\/a>\r\n","protected":false},"excerpt":{"rendered":"<p>Em breve, voc\u00ea receber\u00e1 um trecho de uma publica\u00e7\u00e3o recente do blog. Retornar ao blog do MemberMouse<\/p>","protected":false},"author":9645,"featured_media":0,"parent":0,"menu_order":0,"comment_status":"closed","ping_status":"closed","template":"","meta":{"_acf_changed":false,"om_disable_all_campaigns":false,"_strive_editorial_status":"not-started","_strive_copy_of":0,"_monsterinsights_skip_tracking":false,"_monsterinsights_sitenote_active":false,"_monsterinsights_sitenote_note":"","_monsterinsights_sitenote_category":0,"footnotes":""},"class_list":["post-3848","page","type-page","status-publish","hentry"],"acf":[],"aioseo_notices":[],"_links":{"self":[{"href":"https:\/\/membermouse.com\/pt\/wp-json\/wp\/v2\/pages\/3848","targetHints":{"allow":["GET"]}}],"collection":[{"href":"https:\/\/membermouse.com\/pt\/wp-json\/wp\/v2\/pages"}],"about":[{"href":"https:\/\/membermouse.com\/pt\/wp-json\/wp\/v2\/types\/page"}],"author":[{"embeddable":true,"href":"https:\/\/membermouse.com\/pt\/wp-json\/wp\/v2\/users\/9645"}],"replies":[{"embeddable":true,"href":"https:\/\/membermouse.com\/pt\/wp-json\/wp\/v2\/comments?post=3848"}],"version-history":[{"count":0,"href":"https:\/\/membermouse.com\/pt\/wp-json\/wp\/v2\/pages\/3848\/revisions"}],"wp:attachment":[{"href":"https:\/\/membermouse.com\/pt\/wp-json\/wp\/v2\/media?parent=3848"}],"curies":[{"name":"wp","href":"https:\/\/api.w.org\/{rel}","templated":true}]}}