{"id":4631,"date":"2018-10-22T15:21:51","date_gmt":"2018-10-22T22:21:51","guid":{"rendered":"https:\/\/membermouse.com\/?page_id=4631"},"modified":"2023-01-16T11:45:40","modified_gmt":"2023-01-16T19:45:40","slug":"empresario-de-assinaturas","status":"publish","type":"page","link":"https:\/\/membermouse.com\/pt\/empresario-de-assinaturas\/","title":{"rendered":"Subscription Entrepreneur"},"content":{"rendered":"<h3>About Subscription Entrepreneur<\/h3>\r\n\r\n<p>Welcome to the Subscription Entrepreneur podcast with your host Eric Turnnessen, founder of MemberMouse, a membership platform which powers subscription websites.<p>\r\n\r\n<p>Eric draws from his 14+ years experience working with recurring revenue businesses and in this podcast explores the challenges faced and lessons learned by company founders, consultants and innovators. We discuss how you can find your personal expression in business, practical tools to get you up and running, high-level strategies, common pitfalls, navigating the digital world and actionable steps for you to succeed at anything. Our goal is for each interview to be a mentor and guiding light for your personal journey.<\/p>","protected":false},"excerpt":{"rendered":"<p>Sobre o Subscription Entrepreneur Bem-vindo ao podcast Subscription Entrepreneur com seu anfitri\u00e3o Eric Turnnessen, fundador do MemberMouse, uma plataforma de associa\u00e7\u00e3o que potencializa os sites de assinatura. Eric se baseia em seus mais de 14 anos...<\/p>","protected":false},"author":10510,"featured_media":0,"parent":0,"menu_order":0,"comment_status":"closed","ping_status":"closed","template":"page-podcasts.php","meta":{"_acf_changed":false,"om_disable_all_campaigns":false,"_strive_editorial_status":"not-started","_strive_copy_of":0,"_monsterinsights_skip_tracking":false,"_monsterinsights_sitenote_active":false,"_monsterinsights_sitenote_note":"","_monsterinsights_sitenote_category":0,"footnotes":""},"class_list":["post-4631","page","type-page","status-publish","hentry"],"acf":[],"aioseo_notices":[],"_links":{"self":[{"href":"https:\/\/membermouse.com\/pt\/wp-json\/wp\/v2\/pages\/4631","targetHints":{"allow":["GET"]}}],"collection":[{"href":"https:\/\/membermouse.com\/pt\/wp-json\/wp\/v2\/pages"}],"about":[{"href":"https:\/\/membermouse.com\/pt\/wp-json\/wp\/v2\/types\/page"}],"author":[{"embeddable":true,"href":"https:\/\/membermouse.com\/pt\/wp-json\/wp\/v2\/users\/10510"}],"replies":[{"embeddable":true,"href":"https:\/\/membermouse.com\/pt\/wp-json\/wp\/v2\/comments?post=4631"}],"version-history":[{"count":0,"href":"https:\/\/membermouse.com\/pt\/wp-json\/wp\/v2\/pages\/4631\/revisions"}],"wp:attachment":[{"href":"https:\/\/membermouse.com\/pt\/wp-json\/wp\/v2\/media?parent=4631"}],"curies":[{"name":"wp","href":"https:\/\/api.w.org\/{rel}","templated":true}]}}