{"id":6265,"date":"2020-03-19T19:25:32","date_gmt":"2020-03-20T02:25:32","guid":{"rendered":"https:\/\/membermouse.com\/?page_id=6265"},"modified":"2020-04-01T19:36:16","modified_gmt":"2020-04-02T02:36:16","slug":"estamos-aqui-para-voce","status":"publish","type":"page","link":"https:\/\/membermouse.com\/pt\/estamos-aqui-para-voce\/","title":{"rendered":"We are here for you!"},"content":{"rendered":"<div class=\"site-wrap\">\r\n\r\n<div id=\"primary\" class=\"content-area\">\r\n<main id=\"main\" class=\"site-main\" role=\"main\">\r\n\r\n<div class=\"page-section section-white\">\r\n\t<div class=\"row\">\r\n<div class=\"col-sm-2\"><\/div>\r\n<div class=\"col-sm-8\">\r\n<p class=\"centered\">Thanks for letting us know where you are in exploring and implementing MemberMouse.<br>\r\nWhen you are ready to dig in, our team will be there to help as needed.<br>\r\nReach out on our <a href=\"https:\/\/support.membermouse.com\" rel=\"noopener noreferrer\" target=\"_blank\">support site<\/a> or directly via email to support@membermouse.com .<\/p>\r\n<\/div>\r\n<\/div>\r\n\r\n<br><br>\r\n<h2 class=\"centered color-blue\">Some resources you may find useful...<\/h2>\r\n\r\n<br><br>\r\n<div class=\"row\">\r\n<div class=\"rsp-grid grid-spaced\">\r\n<div class=\"grid-container container-33\">\r\n<span class=\"icon-jumbo icon-centered\"><i class=\"budicon-rotate-image color-blue\"><\/i><\/span>\r\n\t\t<h4 class=\"centered bold\">Best Practices<\/h4>\r\n<p class=\"centered bold\">A series of detailed guides from\r\n<br>signing up members to analyzing data\r\n<br>and customizing communication.\r\n\r\n<p class=\"centered\" style=\"padding-top:15px;\"><a href=\"\/collection\/best-practices-guide\/\" class=\"btn btn-blue btn-mobile-block btn-med\">Check out the Guide<\/a>\r\n<\/div>\r\n\r\n<div class=\"grid-container container-34\">\r\n<span class=\"icon-jumbo icon-centered\"><i class=\"budicon-page-mark color-blue\"><\/i><\/span>\r\n\t\t<h4 class=\"centered bold\">Glossary of Core Features<\/h4>\r\n<p class=\"centered bold\">A one-sheet reference for\r\n<br>the foundational elements of MemberMouse \r\n<br>with brief descriptions of each.\r\n\r\n<p class=\"centered\" style=\"padding-top:15px;\"><a href=\"\/resource\/glossary-of-core-features\/\" class=\"btn btn-blue btn-mobile-block btn-med\">Go to Glossary<\/a>\r\n<\/div>\r\n\r\n<div class=\"grid-container container-33\">\r\n<span class=\"icon-jumbo icon-centered\"><i class=\"budicon-camera-timer color-blue\"><\/i><\/span>\r\n\t\t<h4 class=\"centered bold\">Office Hours<\/h4>\r\n<p class=\"centered bold\">Our CEO\/founder Eric Turnnessen \r\n<br>is available every Friday to talk things out \r\n<br>and no topic is off limits.\r\n\r\n<p class=\"centered\" style=\"padding-top:15px;\"><a href=\"\/office-hours\/\" class=\"btn btn-blue btn-mobile-block btn-med\">Join us at Office Hours<\/a>\r\n<\/div>\r\n<\/div>\r\n<\/div>\r\n\r\n<\/div>\r\n<\/div>","protected":false},"excerpt":{"rendered":"<p>Obrigado por nos informar em que ponto voc\u00ea est\u00e1 na explora\u00e7\u00e3o e implementa\u00e7\u00e3o do MemberMouse. Quando estiver pronto para come\u00e7ar, nossa equipe estar\u00e1 \u00e0 disposi\u00e7\u00e3o para ajudar no que for necess\u00e1rio. Alcance...<\/p>","protected":false},"author":10488,"featured_media":0,"parent":0,"menu_order":0,"comment_status":"closed","ping_status":"closed","template":"page-full-width.php","meta":{"_acf_changed":false,"om_disable_all_campaigns":false,"_strive_editorial_status":"not-started","_strive_copy_of":0,"_monsterinsights_skip_tracking":false,"_monsterinsights_sitenote_active":false,"_monsterinsights_sitenote_note":"","_monsterinsights_sitenote_category":0,"footnotes":""},"class_list":["post-6265","page","type-page","status-publish","hentry"],"acf":[],"aioseo_notices":[],"_links":{"self":[{"href":"https:\/\/membermouse.com\/pt\/wp-json\/wp\/v2\/pages\/6265","targetHints":{"allow":["GET"]}}],"collection":[{"href":"https:\/\/membermouse.com\/pt\/wp-json\/wp\/v2\/pages"}],"about":[{"href":"https:\/\/membermouse.com\/pt\/wp-json\/wp\/v2\/types\/page"}],"author":[{"embeddable":true,"href":"https:\/\/membermouse.com\/pt\/wp-json\/wp\/v2\/users\/10488"}],"replies":[{"embeddable":true,"href":"https:\/\/membermouse.com\/pt\/wp-json\/wp\/v2\/comments?post=6265"}],"version-history":[{"count":0,"href":"https:\/\/membermouse.com\/pt\/wp-json\/wp\/v2\/pages\/6265\/revisions"}],"wp:attachment":[{"href":"https:\/\/membermouse.com\/pt\/wp-json\/wp\/v2\/media?parent=6265"}],"curies":[{"name":"wp","href":"https:\/\/api.w.org\/{rel}","templated":true}]}}