{"id":908,"date":"2013-12-22T11:45:12","date_gmt":"2013-12-22T19:45:12","guid":{"rendered":"https:\/\/membermouse.com\/?page_id=908"},"modified":"2024-08-05T16:17:03","modified_gmt":"2024-08-05T20:17:03","slug":"sobre-nos","status":"publish","type":"page","link":"https:\/\/membermouse.com\/pt\/sobre-nos\/","title":{"rendered":"About MemberMouse"},"content":{"rendered":"<h2 class=\"color-blue\">Our Mission is to Help You Grow<\/h2>\nSince 2009 the team at MemberMouse has been dedicated to bringing our customers the most powerful, robust, and user-friendly WordPress membership plugin that we could build. Period","protected":false},"excerpt":{"rendered":"<p>Nossa miss\u00e3o \u00e9 ajud\u00e1-lo a crescer Desde 2009, a equipe do MemberMouse se dedica a oferecer aos nossos clientes o plug-in de associa\u00e7\u00e3o do WordPress mais avan\u00e7ado, robusto e f\u00e1cil de usar que...<\/p>","protected":false},"author":9645,"featured_media":5405,"parent":0,"menu_order":0,"comment_status":"closed","ping_status":"closed","template":"page-about.php","meta":{"_acf_changed":false,"om_disable_all_campaigns":false,"_strive_editorial_status":"not-started","_strive_copy_of":0,"_monsterinsights_skip_tracking":false,"_monsterinsights_sitenote_active":false,"_monsterinsights_sitenote_note":"","_monsterinsights_sitenote_category":0,"footnotes":""},"class_list":["post-908","page","type-page","status-publish","has-post-thumbnail","hentry"],"acf":[],"aioseo_notices":[],"_links":{"self":[{"href":"https:\/\/membermouse.com\/pt\/wp-json\/wp\/v2\/pages\/908","targetHints":{"allow":["GET"]}}],"collection":[{"href":"https:\/\/membermouse.com\/pt\/wp-json\/wp\/v2\/pages"}],"about":[{"href":"https:\/\/membermouse.com\/pt\/wp-json\/wp\/v2\/types\/page"}],"author":[{"embeddable":true,"href":"https:\/\/membermouse.com\/pt\/wp-json\/wp\/v2\/users\/9645"}],"replies":[{"embeddable":true,"href":"https:\/\/membermouse.com\/pt\/wp-json\/wp\/v2\/comments?post=908"}],"version-history":[{"count":0,"href":"https:\/\/membermouse.com\/pt\/wp-json\/wp\/v2\/pages\/908\/revisions"}],"wp:featuredmedia":[{"embeddable":true,"href":"https:\/\/membermouse.com\/pt\/wp-json\/wp\/v2\/media\/5405"}],"wp:attachment":[{"href":"https:\/\/membermouse.com\/pt\/wp-json\/wp\/v2\/media?parent=908"}],"curies":[{"name":"wp","href":"https:\/\/api.w.org\/{rel}","templated":true}]}}